{"id":552,"date":"2023-03-19T14:45:57","date_gmt":"2023-03-19T14:45:20","guid":{"rendered":"https:\/\/westergards.com\/1678989025289\/?page_id=552"},"modified":"2023-11-05T14:58:20","modified_gmt":"2023-11-05T14:58:20","slug":"strandstugan","status":"publish","type":"page","link":"https:\/\/westergards.com\/?page_id=552","title":{"rendered":"Strandstugan"},"content":{"rendered":"\t\t<div data-elementor-type=\"wp-page\" data-elementor-id=\"552\" class=\"elementor elementor-552\">\n\t\t\t\t\t\t<section class=\"elementor-section elementor-top-section elementor-element elementor-element-6bb1ce6 elementor-section-boxed elementor-section-height-default elementor-section-height-default\" data-id=\"6bb1ce6\" data-element_type=\"section\" data-e-type=\"section\">\n\t\t\t\t\t\t<div class=\"elementor-container elementor-column-gap-default\">\n\t\t\t\t\t<div class=\"elementor-column elementor-col-50 elementor-top-column elementor-element elementor-element-36e047f\" data-id=\"36e047f\" data-element_type=\"column\" data-e-type=\"column\">\n\t\t\t<div class=\"elementor-widget-wrap elementor-element-populated\">\n\t\t\t\t\t\t<div class=\"elementor-element elementor-element-27c9421 elementor-widget elementor-widget-text-editor\" data-id=\"27c9421\" data-element_type=\"widget\" data-e-type=\"widget\" data-widget_type=\"text-editor.default\">\n\t\t\t\t<div class=\"elementor-widget-container\">\n\t\t\t\t\t\t\t\t\t<p>Strandstugan som ligger endast 50m fr\u00e5n stranden \u00e4r av modell Raami duo 67, stockstuga.<\/p><p>Byggd 2022. I barnrummet finns en stor h\u00f6g och l\u00e5g s\u00e4ng (m\u00f6jlighet f\u00f6r tv\u00e5 barn att sova uppe) en enkels\u00e4ng och babys\u00e4ng under, \u00e4ven m\u00f6jlighet att l\u00e4gga in extra s\u00e4ng (s\u00e5ledes\u00a0 5 barn beroende p\u00e5 \u00e5lder). Stugan har stort terassutrymme under tak och intill stugan. Tre sovrum, varav ett helt skilt. \u00d6ppet k\u00f6k med vardagsrum. I denna stuga kan tv\u00e5 familjer husera och n\u00e4rheten till stranden och strandbastun \u00e4r ett bonus.<\/p>\t\t\t\t\t\t\t\t<\/div>\n\t\t\t\t<\/div>\n\t\t\t\t<div class=\"elementor-element elementor-element-b7e1f6b elementor-icon-list--layout-traditional elementor-list-item-link-full_width elementor-widget elementor-widget-icon-list\" data-id=\"b7e1f6b\" data-element_type=\"widget\" data-e-type=\"widget\" data-widget_type=\"icon-list.default\">\n\t\t\t\t<div class=\"elementor-widget-container\">\n\t\t\t\t\t\t\t<ul class=\"elementor-icon-list-items\">\n\t\t\t\t\t\t\t<li class=\"elementor-icon-list-item\">\n\t\t\t\t\t\t\t\t\t\t\t<span class=\"elementor-icon-list-icon\">\n\t\t\t\t\t\t\t<i aria-hidden=\"true\" class=\"fas fa-user\"><\/i>\t\t\t\t\t\t<\/span>\n\t\t\t\t\t\t\t\t\t\t<span class=\"elementor-icon-list-text\">Antal personer: 8, yta ca 67 kvm<\/span>\n\t\t\t\t\t\t\t\t\t<\/li>\n\t\t\t\t\t\t\t\t<li class=\"elementor-icon-list-item\">\n\t\t\t\t\t\t\t\t\t\t\t<span class=\"elementor-icon-list-icon\">\n\t\t\t\t\t\t\t<i aria-hidden=\"true\" class=\"fas fa-bed\"><\/i>\t\t\t\t\t\t<\/span>\n\t\t\t\t\t\t\t\t\t\t<span class=\"elementor-icon-list-text\">S\u00e4ngar: 2 dubbels\u00e4ngar i sovrum + 1 v\u00e5ningss\u00e4ng + babys\u00e4ng  + enkels\u00e4ng.<\/span>\n\t\t\t\t\t\t\t\t\t<\/li>\n\t\t\t\t\t\t\t\t<li class=\"elementor-icon-list-item\">\n\t\t\t\t\t\t\t\t\t\t\t<span class=\"elementor-icon-list-icon\">\n\t\t\t\t\t\t\t<i aria-hidden=\"true\" class=\"fas fa-tv\"><\/i>\t\t\t\t\t\t<\/span>\n\t\t\t\t\t\t\t\t\t\t<span class=\"elementor-icon-list-text\">TV<\/span>\n\t\t\t\t\t\t\t\t\t<\/li>\n\t\t\t\t\t\t\t\t<li class=\"elementor-icon-list-item\">\n\t\t\t\t\t\t\t\t\t\t\t<span class=\"elementor-icon-list-icon\">\n\t\t\t\t\t\t\t<i aria-hidden=\"true\" class=\"fas fa-utensils\"><\/i>\t\t\t\t\t\t<\/span>\n\t\t\t\t\t\t\t\t\t\t<span class=\"elementor-icon-list-text\">K\u00f6k: Kyl &amp; Frys, micro, spish\u00e4ll<\/span>\n\t\t\t\t\t\t\t\t\t<\/li>\n\t\t\t\t\t\t\t\t<li class=\"elementor-icon-list-item\">\n\t\t\t\t\t\t\t\t\t\t\t<span class=\"elementor-icon-list-icon\">\n\t\t\t\t\t\t\t<i aria-hidden=\"true\" class=\"fas fa-shower\"><\/i>\t\t\t\t\t\t<\/span>\n\t\t\t\t\t\t\t\t\t\t<span class=\"elementor-icon-list-text\">Dusch &amp; WC<\/span>\n\t\t\t\t\t\t\t\t\t<\/li>\n\t\t\t\t\t\t\t\t<li class=\"elementor-icon-list-item\">\n\t\t\t\t\t\t\t\t\t\t\t<span class=\"elementor-icon-list-icon\">\n\t\t\t\t\t\t\t<i aria-hidden=\"true\" class=\"fas fa-caret-right\"><\/i>\t\t\t\t\t\t<\/span>\n\t\t\t\t\t\t\t\t\t\t<span class=\"elementor-icon-list-text\">Kolgrill<\/span>\n\t\t\t\t\t\t\t\t\t<\/li>\n\t\t\t\t\t\t\t\t<li class=\"elementor-icon-list-item\">\n\t\t\t\t\t\t\t\t\t\t\t<span class=\"elementor-icon-list-icon\">\n\t\t\t\t\t\t\t<i aria-hidden=\"true\" class=\"fas fa-caret-right\"><\/i>\t\t\t\t\t\t<\/span>\n\t\t\t\t\t\t\t\t\t\t<span class=\"elementor-icon-list-text\">H\u00e5rtork<\/span>\n\t\t\t\t\t\t\t\t\t<\/li>\n\t\t\t\t\t\t<\/ul>\n\t\t\t\t\t\t<\/div>\n\t\t\t\t<\/div>\n\t\t\t\t<div class=\"elementor-element elementor-element-4b94a8e elementor-align-center elementor-widget elementor-widget-button\" data-id=\"4b94a8e\" data-element_type=\"widget\" data-e-type=\"widget\" data-widget_type=\"button.default\">\n\t\t\t\t<div class=\"elementor-widget-container\">\n\t\t\t\t\t\t\t\t\t<div class=\"elementor-button-wrapper\">\n\t\t\t\t\t<a class=\"elementor-button elementor-button-link elementor-size-sm\" href=\"#\">\n\t\t\t\t\t\t<span class=\"elementor-button-content-wrapper\">\n\t\t\t\t\t\t\t\t\t<span class=\"elementor-button-text\">Boka h\u00e4r<\/span>\n\t\t\t\t\t<\/span>\n\t\t\t\t\t<\/a>\n\t\t\t\t<\/div>\n\t\t\t\t\t\t\t\t<\/div>\n\t\t\t\t<\/div>\n\t\t\t\t\t<\/div>\n\t\t<\/div>\n\t\t\t\t<div class=\"elementor-column elementor-col-50 elementor-top-column elementor-element elementor-element-ea81d1a\" data-id=\"ea81d1a\" data-element_type=\"column\" data-e-type=\"column\">\n\t\t\t<div class=\"elementor-widget-wrap elementor-element-populated\">\n\t\t\t\t\t\t<div class=\"elementor-element elementor-element-7375938 elementor-widget elementor-widget-image\" data-id=\"7375938\" data-element_type=\"widget\" data-e-type=\"widget\" data-widget_type=\"image.default\">\n\t\t\t\t<div class=\"elementor-widget-container\">\n\t\t\t\t\t\t\t\t\t\t\t\t\t\t\t<img fetchpriority=\"high\" decoding=\"async\" width=\"768\" height=\"1024\" src=\"https:\/\/westergards.com\/wp-content\/uploads\/2023\/06\/IMG_6957-768x1024.jpeg\" class=\"attachment-large size-large wp-image-1105\" alt=\"\" srcset=\"https:\/\/westergards.com\/wp-content\/uploads\/2023\/06\/IMG_6957-768x1024.jpeg 768w, https:\/\/westergards.com\/wp-content\/uploads\/2023\/06\/IMG_6957-225x300.jpeg 225w, https:\/\/westergards.com\/wp-content\/uploads\/2023\/06\/IMG_6957-1152x1536.jpeg 1152w, https:\/\/westergards.com\/wp-content\/uploads\/2023\/06\/IMG_6957-1536x2048.jpeg 1536w, https:\/\/westergards.com\/wp-content\/uploads\/2023\/06\/IMG_6957-scaled.jpeg 1920w\" sizes=\"(max-width: 768px) 100vw, 768px\" \/>\t\t\t\t\t\t\t\t\t\t\t\t\t\t\t<\/div>\n\t\t\t\t<\/div>\n\t\t\t\t\t<\/div>\n\t\t<\/div>\n\t\t\t\t\t<\/div>\n\t\t<\/section>\n\t\t\t\t<section class=\"elementor-section elementor-top-section elementor-element elementor-element-fd9995e elementor-section-boxed elementor-section-height-default elementor-section-height-default\" data-id=\"fd9995e\" data-element_type=\"section\" data-e-type=\"section\">\n\t\t\t\t\t\t<div class=\"elementor-container elementor-column-gap-default\">\n\t\t\t\t\t<div class=\"elementor-column elementor-col-100 elementor-top-column elementor-element elementor-element-5584878\" data-id=\"5584878\" data-element_type=\"column\" data-e-type=\"column\">\n\t\t\t<div class=\"elementor-widget-wrap\">\n\t\t\t\t\t\t\t<\/div>\n\t\t<\/div>\n\t\t\t\t\t<\/div>\n\t\t<\/section>\n\t\t\t\t<section class=\"elementor-section elementor-top-section elementor-element elementor-element-e3f885c elementor-section-boxed elementor-section-height-default elementor-section-height-default\" data-id=\"e3f885c\" data-element_type=\"section\" data-e-type=\"section\">\n\t\t\t\t\t\t<div class=\"elementor-container elementor-column-gap-default\">\n\t\t\t\t\t<div class=\"elementor-column elementor-col-33 elementor-top-column elementor-element elementor-element-0191dcc\" data-id=\"0191dcc\" data-element_type=\"column\" data-e-type=\"column\">\n\t\t\t<div class=\"elementor-widget-wrap elementor-element-populated\">\n\t\t\t\t\t\t<div class=\"elementor-element elementor-element-c884813 elementor-widget elementor-widget-image\" data-id=\"c884813\" data-element_type=\"widget\" data-e-type=\"widget\" data-widget_type=\"image.default\">\n\t\t\t\t<div class=\"elementor-widget-container\">\n\t\t\t\t\t\t\t\t\t\t\t\t\t\t\t<img decoding=\"async\" width=\"768\" height=\"1024\" src=\"https:\/\/westergards.com\/wp-content\/uploads\/2022\/12\/IMG_3016-768x1024.jpeg\" class=\"attachment-large size-large wp-image-190\" alt=\"\" srcset=\"https:\/\/westergards.com\/wp-content\/uploads\/2022\/12\/IMG_3016-768x1024.jpeg 768w, https:\/\/westergards.com\/wp-content\/uploads\/2022\/12\/IMG_3016-225x300.jpeg 225w, https:\/\/westergards.com\/wp-content\/uploads\/2022\/12\/IMG_3016-1152x1536.jpeg 1152w, https:\/\/westergards.com\/wp-content\/uploads\/2022\/12\/IMG_3016-1536x2048.jpeg 1536w, https:\/\/westergards.com\/wp-content\/uploads\/2022\/12\/IMG_3016-scaled.jpeg 1920w\" sizes=\"(max-width: 768px) 100vw, 768px\" \/>\t\t\t\t\t\t\t\t\t\t\t\t\t\t\t<\/div>\n\t\t\t\t<\/div>\n\t\t\t\t\t<\/div>\n\t\t<\/div>\n\t\t\t\t<div class=\"elementor-column elementor-col-33 elementor-top-column elementor-element elementor-element-9f6505c\" data-id=\"9f6505c\" data-element_type=\"column\" data-e-type=\"column\">\n\t\t\t<div class=\"elementor-widget-wrap elementor-element-populated\">\n\t\t\t\t\t\t<div class=\"elementor-element elementor-element-c5d5492 elementor-widget elementor-widget-image\" data-id=\"c5d5492\" data-element_type=\"widget\" data-e-type=\"widget\" data-widget_type=\"image.default\">\n\t\t\t\t<div class=\"elementor-widget-container\">\n\t\t\t\t\t\t\t\t\t\t\t\t\t\t\t<img decoding=\"async\" width=\"768\" height=\"1024\" src=\"https:\/\/westergards.com\/wp-content\/uploads\/2022\/12\/IMG_4972-768x1024.jpeg\" class=\"attachment-large size-large wp-image-217\" alt=\"\" srcset=\"https:\/\/westergards.com\/wp-content\/uploads\/2022\/12\/IMG_4972-768x1024.jpeg 768w, https:\/\/westergards.com\/wp-content\/uploads\/2022\/12\/IMG_4972-225x300.jpeg 225w, https:\/\/westergards.com\/wp-content\/uploads\/2022\/12\/IMG_4972-1152x1536.jpeg 1152w, https:\/\/westergards.com\/wp-content\/uploads\/2022\/12\/IMG_4972-1536x2048.jpeg 1536w, https:\/\/westergards.com\/wp-content\/uploads\/2022\/12\/IMG_4972-scaled.jpeg 1920w\" sizes=\"(max-width: 768px) 100vw, 768px\" \/>\t\t\t\t\t\t\t\t\t\t\t\t\t\t\t<\/div>\n\t\t\t\t<\/div>\n\t\t\t\t\t<\/div>\n\t\t<\/div>\n\t\t\t\t<div class=\"elementor-column elementor-col-33 elementor-top-column elementor-element elementor-element-2207486\" data-id=\"2207486\" data-element_type=\"column\" data-e-type=\"column\">\n\t\t\t<div class=\"elementor-widget-wrap elementor-element-populated\">\n\t\t\t\t\t\t<div class=\"elementor-element elementor-element-5a987e3 elementor-widget elementor-widget-image\" data-id=\"5a987e3\" data-element_type=\"widget\" data-e-type=\"widget\" data-widget_type=\"image.default\">\n\t\t\t\t<div class=\"elementor-widget-container\">\n\t\t\t\t\t\t\t\t\t\t\t\t\t\t\t<img loading=\"lazy\" decoding=\"async\" width=\"768\" height=\"1024\" src=\"https:\/\/westergards.com\/wp-content\/uploads\/2023\/06\/IMG_6950-768x1024.jpeg\" class=\"attachment-large size-large wp-image-1098\" alt=\"\" srcset=\"https:\/\/westergards.com\/wp-content\/uploads\/2023\/06\/IMG_6950-768x1024.jpeg 768w, https:\/\/westergards.com\/wp-content\/uploads\/2023\/06\/IMG_6950-225x300.jpeg 225w, https:\/\/westergards.com\/wp-content\/uploads\/2023\/06\/IMG_6950-1152x1536.jpeg 1152w, https:\/\/westergards.com\/wp-content\/uploads\/2023\/06\/IMG_6950-1536x2048.jpeg 1536w, https:\/\/westergards.com\/wp-content\/uploads\/2023\/06\/IMG_6950-scaled.jpeg 1920w\" sizes=\"(max-width: 768px) 100vw, 768px\" \/>\t\t\t\t\t\t\t\t\t\t\t\t\t\t\t<\/div>\n\t\t\t\t<\/div>\n\t\t\t\t\t<\/div>\n\t\t<\/div>\n\t\t\t\t\t<\/div>\n\t\t<\/section>\n\t\t\t\t<section class=\"elementor-section elementor-top-section elementor-element elementor-element-d8e84c4 elementor-section-boxed elementor-section-height-default elementor-section-height-default\" data-id=\"d8e84c4\" data-element_type=\"section\" data-e-type=\"section\">\n\t\t\t\t\t\t<div class=\"elementor-container elementor-column-gap-default\">\n\t\t\t\t\t<div class=\"elementor-column elementor-col-33 elementor-top-column elementor-element elementor-element-76d68e9\" data-id=\"76d68e9\" data-element_type=\"column\" data-e-type=\"column\">\n\t\t\t<div class=\"elementor-widget-wrap elementor-element-populated\">\n\t\t\t\t\t\t<div class=\"elementor-element elementor-element-3bab6bb elementor-widget elementor-widget-image\" data-id=\"3bab6bb\" data-element_type=\"widget\" data-e-type=\"widget\" data-widget_type=\"image.default\">\n\t\t\t\t<div class=\"elementor-widget-container\">\n\t\t\t\t\t\t\t\t\t\t\t\t\t\t\t<img loading=\"lazy\" decoding=\"async\" width=\"768\" height=\"1024\" src=\"https:\/\/westergards.com\/wp-content\/uploads\/2023\/06\/IMG_6945-768x1024.jpeg\" class=\"attachment-large size-large wp-image-1093\" alt=\"\" srcset=\"https:\/\/westergards.com\/wp-content\/uploads\/2023\/06\/IMG_6945-768x1024.jpeg 768w, https:\/\/westergards.com\/wp-content\/uploads\/2023\/06\/IMG_6945-225x300.jpeg 225w, https:\/\/westergards.com\/wp-content\/uploads\/2023\/06\/IMG_6945-1152x1536.jpeg 1152w, https:\/\/westergards.com\/wp-content\/uploads\/2023\/06\/IMG_6945-1536x2048.jpeg 1536w, https:\/\/westergards.com\/wp-content\/uploads\/2023\/06\/IMG_6945-scaled.jpeg 1920w\" sizes=\"(max-width: 768px) 100vw, 768px\" \/>\t\t\t\t\t\t\t\t\t\t\t\t\t\t\t<\/div>\n\t\t\t\t<\/div>\n\t\t\t\t\t<\/div>\n\t\t<\/div>\n\t\t\t\t<div class=\"elementor-column elementor-col-33 elementor-top-column elementor-element elementor-element-f721620\" data-id=\"f721620\" data-element_type=\"column\" data-e-type=\"column\">\n\t\t\t<div class=\"elementor-widget-wrap elementor-element-populated\">\n\t\t\t\t\t\t<div class=\"elementor-element elementor-element-b404efd elementor-widget elementor-widget-image\" data-id=\"b404efd\" data-element_type=\"widget\" data-e-type=\"widget\" data-widget_type=\"image.default\">\n\t\t\t\t<div class=\"elementor-widget-container\">\n\t\t\t\t\t\t\t\t\t\t\t\t\t\t\t<img loading=\"lazy\" decoding=\"async\" width=\"768\" height=\"1024\" src=\"https:\/\/westergards.com\/wp-content\/uploads\/2023\/06\/IMG_6944-768x1024.jpeg\" class=\"attachment-large size-large wp-image-1092\" alt=\"\" srcset=\"https:\/\/westergards.com\/wp-content\/uploads\/2023\/06\/IMG_6944-768x1024.jpeg 768w, https:\/\/westergards.com\/wp-content\/uploads\/2023\/06\/IMG_6944-225x300.jpeg 225w, https:\/\/westergards.com\/wp-content\/uploads\/2023\/06\/IMG_6944-1152x1536.jpeg 1152w, https:\/\/westergards.com\/wp-content\/uploads\/2023\/06\/IMG_6944-1536x2048.jpeg 1536w, https:\/\/westergards.com\/wp-content\/uploads\/2023\/06\/IMG_6944-scaled.jpeg 1920w\" sizes=\"(max-width: 768px) 100vw, 768px\" \/>\t\t\t\t\t\t\t\t\t\t\t\t\t\t\t<\/div>\n\t\t\t\t<\/div>\n\t\t\t\t\t<\/div>\n\t\t<\/div>\n\t\t\t\t<div class=\"elementor-column elementor-col-33 elementor-top-column elementor-element elementor-element-4d5ee7d\" data-id=\"4d5ee7d\" data-element_type=\"column\" data-e-type=\"column\">\n\t\t\t<div class=\"elementor-widget-wrap elementor-element-populated\">\n\t\t\t\t\t\t<div class=\"elementor-element elementor-element-cf18ea0 elementor-widget elementor-widget-image\" data-id=\"cf18ea0\" data-element_type=\"widget\" data-e-type=\"widget\" data-widget_type=\"image.default\">\n\t\t\t\t<div class=\"elementor-widget-container\">\n\t\t\t\t\t\t\t\t\t\t\t\t\t\t\t<img loading=\"lazy\" decoding=\"async\" width=\"768\" height=\"1024\" src=\"https:\/\/westergards.com\/wp-content\/uploads\/2023\/06\/IMG_6941-768x1024.jpeg\" class=\"attachment-large size-large wp-image-1089\" alt=\"\" srcset=\"https:\/\/westergards.com\/wp-content\/uploads\/2023\/06\/IMG_6941-768x1024.jpeg 768w, https:\/\/westergards.com\/wp-content\/uploads\/2023\/06\/IMG_6941-225x300.jpeg 225w, https:\/\/westergards.com\/wp-content\/uploads\/2023\/06\/IMG_6941-1152x1536.jpeg 1152w, https:\/\/westergards.com\/wp-content\/uploads\/2023\/06\/IMG_6941-1536x2048.jpeg 1536w, https:\/\/westergards.com\/wp-content\/uploads\/2023\/06\/IMG_6941-scaled.jpeg 1920w\" sizes=\"(max-width: 768px) 100vw, 768px\" \/>\t\t\t\t\t\t\t\t\t\t\t\t\t\t\t<\/div>\n\t\t\t\t<\/div>\n\t\t\t\t\t<\/div>\n\t\t<\/div>\n\t\t\t\t\t<\/div>\n\t\t<\/section>\n\t\t\t\t<section class=\"elementor-section elementor-top-section elementor-element elementor-element-b15abc0 elementor-section-boxed elementor-section-height-default elementor-section-height-default\" data-id=\"b15abc0\" data-element_type=\"section\" data-e-type=\"section\">\n\t\t\t\t\t\t<div class=\"elementor-container elementor-column-gap-default\">\n\t\t\t\t\t<div class=\"elementor-column elementor-col-33 elementor-top-column elementor-element elementor-element-6b25477\" data-id=\"6b25477\" data-element_type=\"column\" data-e-type=\"column\">\n\t\t\t<div class=\"elementor-widget-wrap elementor-element-populated\">\n\t\t\t\t\t\t<div class=\"elementor-element elementor-element-d8c504a elementor-widget elementor-widget-image\" data-id=\"d8c504a\" data-element_type=\"widget\" data-e-type=\"widget\" data-widget_type=\"image.default\">\n\t\t\t\t<div class=\"elementor-widget-container\">\n\t\t\t\t\t\t\t\t\t\t\t\t\t\t\t<img loading=\"lazy\" decoding=\"async\" width=\"768\" height=\"1024\" src=\"https:\/\/westergards.com\/wp-content\/uploads\/2023\/11\/IMG_0513-768x1024.jpeg\" class=\"attachment-large size-large wp-image-1213\" alt=\"\" srcset=\"https:\/\/westergards.com\/wp-content\/uploads\/2023\/11\/IMG_0513-768x1024.jpeg 768w, https:\/\/westergards.com\/wp-content\/uploads\/2023\/11\/IMG_0513-225x300.jpeg 225w, https:\/\/westergards.com\/wp-content\/uploads\/2023\/11\/IMG_0513-1152x1536.jpeg 1152w, https:\/\/westergards.com\/wp-content\/uploads\/2023\/11\/IMG_0513-1536x2048.jpeg 1536w, https:\/\/westergards.com\/wp-content\/uploads\/2023\/11\/IMG_0513-scaled.jpeg 1920w\" sizes=\"(max-width: 768px) 100vw, 768px\" \/>\t\t\t\t\t\t\t\t\t\t\t\t\t\t\t<\/div>\n\t\t\t\t<\/div>\n\t\t\t\t\t<\/div>\n\t\t<\/div>\n\t\t\t\t<div class=\"elementor-column elementor-col-33 elementor-top-column elementor-element elementor-element-8698d9d\" data-id=\"8698d9d\" data-element_type=\"column\" data-e-type=\"column\">\n\t\t\t<div class=\"elementor-widget-wrap elementor-element-populated\">\n\t\t\t\t\t\t<div class=\"elementor-element elementor-element-754105e elementor-widget elementor-widget-image\" data-id=\"754105e\" data-element_type=\"widget\" data-e-type=\"widget\" data-widget_type=\"image.default\">\n\t\t\t\t<div class=\"elementor-widget-container\">\n\t\t\t\t\t\t\t\t\t\t\t\t\t\t\t<img loading=\"lazy\" decoding=\"async\" width=\"768\" height=\"1024\" src=\"https:\/\/westergards.com\/wp-content\/uploads\/2023\/11\/IMG_0561-768x1024.jpeg\" class=\"attachment-large size-large wp-image-1214\" alt=\"\" srcset=\"https:\/\/westergards.com\/wp-content\/uploads\/2023\/11\/IMG_0561-768x1024.jpeg 768w, https:\/\/westergards.com\/wp-content\/uploads\/2023\/11\/IMG_0561-225x300.jpeg 225w, https:\/\/westergards.com\/wp-content\/uploads\/2023\/11\/IMG_0561-1152x1536.jpeg 1152w, https:\/\/westergards.com\/wp-content\/uploads\/2023\/11\/IMG_0561-1536x2048.jpeg 1536w, https:\/\/westergards.com\/wp-content\/uploads\/2023\/11\/IMG_0561-scaled.jpeg 1920w\" sizes=\"(max-width: 768px) 100vw, 768px\" \/>\t\t\t\t\t\t\t\t\t\t\t\t\t\t\t<\/div>\n\t\t\t\t<\/div>\n\t\t\t\t\t<\/div>\n\t\t<\/div>\n\t\t\t\t<div class=\"elementor-column elementor-col-33 elementor-top-column elementor-element elementor-element-f16e878\" data-id=\"f16e878\" data-element_type=\"column\" data-e-type=\"column\">\n\t\t\t<div class=\"elementor-widget-wrap elementor-element-populated\">\n\t\t\t\t\t\t<div class=\"elementor-element elementor-element-e50cfc4 elementor-widget elementor-widget-image\" data-id=\"e50cfc4\" data-element_type=\"widget\" data-e-type=\"widget\" data-widget_type=\"image.default\">\n\t\t\t\t<div class=\"elementor-widget-container\">\n\t\t\t\t\t\t\t\t\t\t\t\t\t\t\t<img loading=\"lazy\" decoding=\"async\" width=\"768\" height=\"1024\" src=\"https:\/\/westergards.com\/wp-content\/uploads\/2023\/11\/IMG_0572-768x1024.jpeg\" class=\"attachment-large size-large wp-image-1212\" alt=\"\" srcset=\"https:\/\/westergards.com\/wp-content\/uploads\/2023\/11\/IMG_0572-768x1024.jpeg 768w, https:\/\/westergards.com\/wp-content\/uploads\/2023\/11\/IMG_0572-225x300.jpeg 225w, https:\/\/westergards.com\/wp-content\/uploads\/2023\/11\/IMG_0572-1152x1536.jpeg 1152w, https:\/\/westergards.com\/wp-content\/uploads\/2023\/11\/IMG_0572-1536x2048.jpeg 1536w, https:\/\/westergards.com\/wp-content\/uploads\/2023\/11\/IMG_0572-scaled.jpeg 1920w\" sizes=\"(max-width: 768px) 100vw, 768px\" \/>\t\t\t\t\t\t\t\t\t\t\t\t\t\t\t<\/div>\n\t\t\t\t<\/div>\n\t\t\t\t\t<\/div>\n\t\t<\/div>\n\t\t\t\t\t<\/div>\n\t\t<\/section>\n\t\t\t\t<section class=\"elementor-section elementor-top-section elementor-element elementor-element-e3e5461 elementor-section-boxed elementor-section-height-default elementor-section-height-default\" data-id=\"e3e5461\" data-element_type=\"section\" data-e-type=\"section\">\n\t\t\t\t\t\t<div class=\"elementor-container elementor-column-gap-default\">\n\t\t\t\t\t<div class=\"elementor-column elementor-col-33 elementor-top-column elementor-element elementor-element-2f51589\" data-id=\"2f51589\" data-element_type=\"column\" data-e-type=\"column\">\n\t\t\t<div class=\"elementor-widget-wrap elementor-element-populated\">\n\t\t\t\t\t\t<div class=\"elementor-element elementor-element-f903bb9 elementor-widget elementor-widget-image\" data-id=\"f903bb9\" data-element_type=\"widget\" data-e-type=\"widget\" data-widget_type=\"image.default\">\n\t\t\t\t<div class=\"elementor-widget-container\">\n\t\t\t\t\t\t\t\t\t\t\t\t\t\t\t<img loading=\"lazy\" decoding=\"async\" width=\"768\" height=\"1024\" src=\"https:\/\/westergards.com\/wp-content\/uploads\/2023\/11\/IMG_0568-768x1024.jpeg\" class=\"attachment-large size-large wp-image-1211\" alt=\"\" srcset=\"https:\/\/westergards.com\/wp-content\/uploads\/2023\/11\/IMG_0568-768x1024.jpeg 768w, https:\/\/westergards.com\/wp-content\/uploads\/2023\/11\/IMG_0568-225x300.jpeg 225w, https:\/\/westergards.com\/wp-content\/uploads\/2023\/11\/IMG_0568-1152x1536.jpeg 1152w, https:\/\/westergards.com\/wp-content\/uploads\/2023\/11\/IMG_0568-1536x2048.jpeg 1536w, https:\/\/westergards.com\/wp-content\/uploads\/2023\/11\/IMG_0568-scaled.jpeg 1920w\" sizes=\"(max-width: 768px) 100vw, 768px\" \/>\t\t\t\t\t\t\t\t\t\t\t\t\t\t\t<\/div>\n\t\t\t\t<\/div>\n\t\t\t\t\t<\/div>\n\t\t<\/div>\n\t\t\t\t<div class=\"elementor-column elementor-col-33 elementor-top-column elementor-element elementor-element-02ce21a\" data-id=\"02ce21a\" data-element_type=\"column\" data-e-type=\"column\">\n\t\t\t<div class=\"elementor-widget-wrap elementor-element-populated\">\n\t\t\t\t\t\t<div class=\"elementor-element elementor-element-07300ff elementor-widget elementor-widget-video\" data-id=\"07300ff\" data-element_type=\"widget\" data-e-type=\"widget\" data-settings=\"{&quot;video_type&quot;:&quot;hosted&quot;,&quot;autoplay&quot;:&quot;yes&quot;,&quot;mute&quot;:&quot;yes&quot;,&quot;loop&quot;:&quot;yes&quot;}\" data-widget_type=\"video.default\">\n\t\t\t\t<div class=\"elementor-widget-container\">\n\t\t\t\t\t\t\t<div class=\"e-hosted-video elementor-wrapper elementor-open-inline\">\n\t\t\t\t\t<video class=\"elementor-video\" src=\"https:\/\/westergards.com\/wp-content\/uploads\/2023\/11\/IMG_6952.mov\" autoplay=\"\" loop=\"\" muted=\"muted\" controlsList=\"nodownload\"><\/video>\n\t\t\t\t<\/div>\n\t\t\t\t\t\t<\/div>\n\t\t\t\t<\/div>\n\t\t\t\t\t<\/div>\n\t\t<\/div>\n\t\t\t\t<div class=\"elementor-column elementor-col-33 elementor-top-column elementor-element elementor-element-ba66c15\" data-id=\"ba66c15\" data-element_type=\"column\" data-e-type=\"column\">\n\t\t\t<div class=\"elementor-widget-wrap\">\n\t\t\t\t\t\t\t<\/div>\n\t\t<\/div>\n\t\t\t\t\t<\/div>\n\t\t<\/section>\n\t\t\t\t<\/div>\n\t\t","protected":false},"excerpt":{"rendered":"<p>Strandstugan som ligger endast 50m fr\u00e5n stranden \u00e4r av modell Raami duo 67, stockstuga. Byggd 2022. I barnrummet finns en stor h\u00f6g och l\u00e5g s\u00e4ng (m\u00f6jlighet f\u00f6r tv\u00e5 barn att sova uppe) en enkels\u00e4ng och babys\u00e4ng under, \u00e4ven m\u00f6jlighet att l\u00e4gga in extra s\u00e4ng (s\u00e5ledes\u00a0 5 barn beroende p\u00e5 \u00e5lder). Stugan har stort terassutrymme under [&hellip;]<\/p>\n","protected":false},"author":3,"featured_media":0,"parent":42,"menu_order":1,"comment_status":"closed","ping_status":"closed","template":"","meta":{"_monsterinsights_skip_tracking":false,"_monsterinsights_sitenote_active":false,"_monsterinsights_sitenote_note":"","_monsterinsights_sitenote_category":0,"footnotes":""},"class_list":["post-552","page","type-page","status-publish","hentry"],"aioseo_notices":[],"_links":{"self":[{"href":"https:\/\/westergards.com\/index.php?rest_route=\/wp\/v2\/pages\/552","targetHints":{"allow":["GET"]}}],"collection":[{"href":"https:\/\/westergards.com\/index.php?rest_route=\/wp\/v2\/pages"}],"about":[{"href":"https:\/\/westergards.com\/index.php?rest_route=\/wp\/v2\/types\/page"}],"author":[{"embeddable":true,"href":"https:\/\/westergards.com\/index.php?rest_route=\/wp\/v2\/users\/3"}],"replies":[{"embeddable":true,"href":"https:\/\/westergards.com\/index.php?rest_route=%2Fwp%2Fv2%2Fcomments&post=552"}],"version-history":[{"count":28,"href":"https:\/\/westergards.com\/index.php?rest_route=\/wp\/v2\/pages\/552\/revisions"}],"predecessor-version":[{"id":1223,"href":"https:\/\/westergards.com\/index.php?rest_route=\/wp\/v2\/pages\/552\/revisions\/1223"}],"up":[{"embeddable":true,"href":"https:\/\/westergards.com\/index.php?rest_route=\/wp\/v2\/pages\/42"}],"wp:attachment":[{"href":"https:\/\/westergards.com\/index.php?rest_route=%2Fwp%2Fv2%2Fmedia&parent=552"}],"curies":[{"name":"wp","href":"https:\/\/api.w.org\/{rel}","templated":true}]}}