{"id":42,"date":"2022-04-24T15:31:39","date_gmt":"2022-04-24T15:31:39","guid":{"rendered":"https:\/\/westergards.com\/?page_id=42"},"modified":"2023-11-05T15:31:42","modified_gmt":"2023-11-05T15:31:42","slug":"cottages","status":"publish","type":"page","link":"https:\/\/westergards.com\/?page_id=42","title":{"rendered":"Boende"},"content":{"rendered":"\t\t<div data-elementor-type=\"wp-page\" data-elementor-id=\"42\" class=\"elementor elementor-42\">\n\t\t\t\t\t\t<section class=\"elementor-section elementor-top-section elementor-element elementor-element-3126fed8 elementor-section-boxed elementor-section-height-default elementor-section-height-default\" data-id=\"3126fed8\" data-element_type=\"section\" data-e-type=\"section\">\n\t\t\t\t\t\t<div class=\"elementor-container elementor-column-gap-default\">\n\t\t\t\t\t<div class=\"elementor-column elementor-col-100 elementor-top-column elementor-element elementor-element-396048ca\" data-id=\"396048ca\" data-element_type=\"column\" data-e-type=\"column\">\n\t\t\t<div class=\"elementor-widget-wrap elementor-element-populated\">\n\t\t\t\t\t\t<div class=\"elementor-element elementor-element-ac4dd19 elementor-widget elementor-widget-text-editor\" data-id=\"ac4dd19\" data-element_type=\"widget\" data-e-type=\"widget\" data-widget_type=\"text-editor.default\">\n\t\t\t\t<div class=\"elementor-widget-container\">\n\t\t\t\t\t\t\t\t\t<h4>Westerg\u00e5rds erbjuder fyra mysiga stugor med sj\u00e4lvhush\u00e5llning. Tv\u00e5 av stugorna \u00e4r placerade mitt bland g\u00e5rdens hus och djur, de tv\u00e5 andra ligger ca.500m l\u00e4ngre fram, nere vid g\u00e5rdens strand.\u00a0\u00a0<\/h4>\t\t\t\t\t\t\t\t<\/div>\n\t\t\t\t<\/div>\n\t\t\t\t\t<\/div>\n\t\t<\/div>\n\t\t\t\t\t<\/div>\n\t\t<\/section>\n\t\t\t\t<section class=\"elementor-section elementor-top-section elementor-element elementor-element-2e8c076 elementor-section-boxed elementor-section-height-default elementor-section-height-default\" data-id=\"2e8c076\" data-element_type=\"section\" data-e-type=\"section\">\n\t\t\t\t\t\t<div class=\"elementor-container elementor-column-gap-default\">\n\t\t\t\t\t<div class=\"elementor-column elementor-col-50 elementor-top-column elementor-element elementor-element-fde944a\" data-id=\"fde944a\" data-element_type=\"column\" data-e-type=\"column\">\n\t\t\t<div class=\"elementor-widget-wrap elementor-element-populated\">\n\t\t\t\t\t\t<div class=\"elementor-element elementor-element-735aa38 elementor-widget elementor-widget-heading\" data-id=\"735aa38\" data-element_type=\"widget\" data-e-type=\"widget\" data-widget_type=\"heading.default\">\n\t\t\t\t<div class=\"elementor-widget-container\">\n\t\t\t\t\t<h2 class=\"elementor-heading-title elementor-size-default\">Lillstugan<\/h2>\t\t\t\t<\/div>\n\t\t\t\t<\/div>\n\t\t\t\t<div class=\"elementor-element elementor-element-597ecbc elementor-widget elementor-widget-image\" data-id=\"597ecbc\" data-element_type=\"widget\" data-e-type=\"widget\" data-widget_type=\"image.default\">\n\t\t\t\t<div class=\"elementor-widget-container\">\n\t\t\t\t\t\t\t\t\t\t\t\t\t\t\t\t<a href=\"http:\/\/https\">\n\t\t\t\t\t\t\t<img fetchpriority=\"high\" decoding=\"async\" width=\"2304\" height=\"1536\" src=\"https:\/\/westergards.com\/wp-content\/uploads\/2023\/06\/DC336458-48ED-4E32-846D-D7F2DE5176F0.jpeg\" class=\"attachment-full size-full wp-image-975\" alt=\"\" srcset=\"https:\/\/westergards.com\/wp-content\/uploads\/2023\/06\/DC336458-48ED-4E32-846D-D7F2DE5176F0.jpeg 2304w, https:\/\/westergards.com\/wp-content\/uploads\/2023\/06\/DC336458-48ED-4E32-846D-D7F2DE5176F0-300x200.jpeg 300w, https:\/\/westergards.com\/wp-content\/uploads\/2023\/06\/DC336458-48ED-4E32-846D-D7F2DE5176F0-1024x683.jpeg 1024w, https:\/\/westergards.com\/wp-content\/uploads\/2023\/06\/DC336458-48ED-4E32-846D-D7F2DE5176F0-768x512.jpeg 768w, https:\/\/westergards.com\/wp-content\/uploads\/2023\/06\/DC336458-48ED-4E32-846D-D7F2DE5176F0-1536x1024.jpeg 1536w, https:\/\/westergards.com\/wp-content\/uploads\/2023\/06\/DC336458-48ED-4E32-846D-D7F2DE5176F0-2048x1365.jpeg 2048w\" sizes=\"(max-width: 2304px) 100vw, 2304px\" \/>\t\t\t\t\t\t\t\t<\/a>\n\t\t\t\t\t\t\t\t\t\t\t\t\t\t\t<\/div>\n\t\t\t\t<\/div>\n\t\t\t\t<div class=\"elementor-element elementor-element-e776536 elementor-align-center elementor-widget elementor-widget-button\" data-id=\"e776536\" data-element_type=\"widget\" data-e-type=\"widget\" data-widget_type=\"button.default\">\n\t\t\t\t<div class=\"elementor-widget-container\">\n\t\t\t\t\t\t\t\t\t<div class=\"elementor-button-wrapper\">\n\t\t\t\t\t<a class=\"elementor-button elementor-button-link elementor-size-sm\" href=\"https:\/\/westergards.com\/?page_id=46\">\n\t\t\t\t\t\t<span class=\"elementor-button-content-wrapper\">\n\t\t\t\t\t\t\t\t\t<span class=\"elementor-button-text\">Mer om Lillstugan<\/span>\n\t\t\t\t\t<\/span>\n\t\t\t\t\t<\/a>\n\t\t\t\t<\/div>\n\t\t\t\t\t\t\t\t<\/div>\n\t\t\t\t<\/div>\n\t\t\t\t\t<\/div>\n\t\t<\/div>\n\t\t\t\t<div class=\"elementor-column elementor-col-50 elementor-top-column elementor-element elementor-element-9c15218\" data-id=\"9c15218\" data-element_type=\"column\" data-e-type=\"column\">\n\t\t\t<div class=\"elementor-widget-wrap elementor-element-populated\">\n\t\t\t\t\t\t<div class=\"elementor-element elementor-element-893eefd elementor-widget elementor-widget-heading\" data-id=\"893eefd\" data-element_type=\"widget\" data-e-type=\"widget\" data-widget_type=\"heading.default\">\n\t\t\t\t<div class=\"elementor-widget-container\">\n\t\t\t\t\t<h2 class=\"elementor-heading-title elementor-size-default\">Visthuset<\/h2>\t\t\t\t<\/div>\n\t\t\t\t<\/div>\n\t\t\t\t<div class=\"elementor-element elementor-element-7b21ff8 elementor-widget elementor-widget-image\" data-id=\"7b21ff8\" data-element_type=\"widget\" data-e-type=\"widget\" data-widget_type=\"image.default\">\n\t\t\t\t<div class=\"elementor-widget-container\">\n\t\t\t\t\t\t\t\t\t\t\t\t\t\t\t<img decoding=\"async\" width=\"2560\" height=\"1920\" src=\"https:\/\/westergards.com\/wp-content\/uploads\/2023\/11\/IMG_3882-scaled.jpeg\" class=\"attachment-full size-full wp-image-1243\" alt=\"\" srcset=\"https:\/\/westergards.com\/wp-content\/uploads\/2023\/11\/IMG_3882-scaled.jpeg 2560w, https:\/\/westergards.com\/wp-content\/uploads\/2023\/11\/IMG_3882-300x225.jpeg 300w, https:\/\/westergards.com\/wp-content\/uploads\/2023\/11\/IMG_3882-1024x768.jpeg 1024w, https:\/\/westergards.com\/wp-content\/uploads\/2023\/11\/IMG_3882-768x576.jpeg 768w, https:\/\/westergards.com\/wp-content\/uploads\/2023\/11\/IMG_3882-1536x1152.jpeg 1536w, https:\/\/westergards.com\/wp-content\/uploads\/2023\/11\/IMG_3882-2048x1536.jpeg 2048w\" sizes=\"(max-width: 2560px) 100vw, 2560px\" \/>\t\t\t\t\t\t\t\t\t\t\t\t\t\t\t<\/div>\n\t\t\t\t<\/div>\n\t\t\t\t<div class=\"elementor-element elementor-element-af90433 elementor-align-center elementor-widget elementor-widget-button\" data-id=\"af90433\" data-element_type=\"widget\" data-e-type=\"widget\" data-widget_type=\"button.default\">\n\t\t\t\t<div class=\"elementor-widget-container\">\n\t\t\t\t\t\t\t\t\t<div class=\"elementor-button-wrapper\">\n\t\t\t\t\t<a class=\"elementor-button elementor-button-link elementor-size-sm\" href=\"https:\/\/westergards.com\/?page_id=483\">\n\t\t\t\t\t\t<span class=\"elementor-button-content-wrapper\">\n\t\t\t\t\t\t\t\t\t<span class=\"elementor-button-text\">Mer om Visthuset<\/span>\n\t\t\t\t\t<\/span>\n\t\t\t\t\t<\/a>\n\t\t\t\t<\/div>\n\t\t\t\t\t\t\t\t<\/div>\n\t\t\t\t<\/div>\n\t\t\t\t\t<\/div>\n\t\t<\/div>\n\t\t\t\t\t<\/div>\n\t\t<\/section>\n\t\t\t\t<section class=\"elementor-section elementor-top-section elementor-element elementor-element-4d39547 elementor-section-boxed elementor-section-height-default elementor-section-height-default\" data-id=\"4d39547\" data-element_type=\"section\" data-e-type=\"section\">\n\t\t\t\t\t\t<div class=\"elementor-container elementor-column-gap-default\">\n\t\t\t\t\t<div class=\"elementor-column elementor-col-50 elementor-top-column elementor-element elementor-element-d87a12c\" data-id=\"d87a12c\" data-element_type=\"column\" data-e-type=\"column\">\n\t\t\t<div class=\"elementor-widget-wrap elementor-element-populated\">\n\t\t\t\t\t\t<div class=\"elementor-element elementor-element-24b7b55 elementor-widget elementor-widget-heading\" data-id=\"24b7b55\" data-element_type=\"widget\" data-e-type=\"widget\" data-widget_type=\"heading.default\">\n\t\t\t\t<div class=\"elementor-widget-container\">\n\t\t\t\t\t<h2 class=\"elementor-heading-title elementor-size-default\">Lilla hage<\/h2>\t\t\t\t<\/div>\n\t\t\t\t<\/div>\n\t\t\t\t<div class=\"elementor-element elementor-element-55ec4f8 elementor-widget elementor-widget-image\" data-id=\"55ec4f8\" data-element_type=\"widget\" data-e-type=\"widget\" data-widget_type=\"image.default\">\n\t\t\t\t<div class=\"elementor-widget-container\">\n\t\t\t\t\t\t\t\t\t\t\t\t\t\t\t<img decoding=\"async\" width=\"800\" height=\"600\" src=\"https:\/\/westergards.com\/wp-content\/uploads\/2022\/12\/IMG_0590-1024x768.jpeg\" class=\"attachment-large size-large wp-image-132\" alt=\"\" srcset=\"https:\/\/westergards.com\/wp-content\/uploads\/2022\/12\/IMG_0590-1024x768.jpeg 1024w, https:\/\/westergards.com\/wp-content\/uploads\/2022\/12\/IMG_0590-300x225.jpeg 300w, https:\/\/westergards.com\/wp-content\/uploads\/2022\/12\/IMG_0590-768x576.jpeg 768w, https:\/\/westergards.com\/wp-content\/uploads\/2022\/12\/IMG_0590-1536x1152.jpeg 1536w, https:\/\/westergards.com\/wp-content\/uploads\/2022\/12\/IMG_0590-2048x1536.jpeg 2048w\" sizes=\"(max-width: 800px) 100vw, 800px\" \/>\t\t\t\t\t\t\t\t\t\t\t\t\t\t\t<\/div>\n\t\t\t\t<\/div>\n\t\t\t\t<div class=\"elementor-element elementor-element-478aafd elementor-align-center elementor-widget elementor-widget-button\" data-id=\"478aafd\" data-element_type=\"widget\" data-e-type=\"widget\" data-widget_type=\"button.default\">\n\t\t\t\t<div class=\"elementor-widget-container\">\n\t\t\t\t\t\t\t\t\t<div class=\"elementor-button-wrapper\">\n\t\t\t\t\t<a class=\"elementor-button elementor-button-link elementor-size-sm\" href=\"https:\/\/westergards.com\/?page_id=537\">\n\t\t\t\t\t\t<span class=\"elementor-button-content-wrapper\">\n\t\t\t\t\t\t\t\t\t<span class=\"elementor-button-text\">Mer om Lilla Hage<\/span>\n\t\t\t\t\t<\/span>\n\t\t\t\t\t<\/a>\n\t\t\t\t<\/div>\n\t\t\t\t\t\t\t\t<\/div>\n\t\t\t\t<\/div>\n\t\t\t\t\t<\/div>\n\t\t<\/div>\n\t\t\t\t<div class=\"elementor-column elementor-col-50 elementor-top-column elementor-element elementor-element-48f7735\" data-id=\"48f7735\" data-element_type=\"column\" data-e-type=\"column\">\n\t\t\t<div class=\"elementor-widget-wrap elementor-element-populated\">\n\t\t\t\t\t\t<div class=\"elementor-element elementor-element-31baeaf elementor-widget elementor-widget-heading\" data-id=\"31baeaf\" data-element_type=\"widget\" data-e-type=\"widget\" data-widget_type=\"heading.default\">\n\t\t\t\t<div class=\"elementor-widget-container\">\n\t\t\t\t\t<h2 class=\"elementor-heading-title elementor-size-default\">Strandstugan<\/h2>\t\t\t\t<\/div>\n\t\t\t\t<\/div>\n\t\t\t\t<div class=\"elementor-element elementor-element-f6512c2 elementor-widget elementor-widget-image\" data-id=\"f6512c2\" data-element_type=\"widget\" data-e-type=\"widget\" data-widget_type=\"image.default\">\n\t\t\t\t<div class=\"elementor-widget-container\">\n\t\t\t\t\t\t\t\t\t\t\t\t\t\t\t<img loading=\"lazy\" decoding=\"async\" width=\"800\" height=\"480\" src=\"https:\/\/westergards.com\/wp-content\/uploads\/2023\/11\/IMG_0561-1-1024x615.jpeg\" class=\"attachment-large size-large wp-image-1248\" alt=\"\" srcset=\"https:\/\/westergards.com\/wp-content\/uploads\/2023\/11\/IMG_0561-1-1024x615.jpeg 1024w, https:\/\/westergards.com\/wp-content\/uploads\/2023\/11\/IMG_0561-1-300x180.jpeg 300w, https:\/\/westergards.com\/wp-content\/uploads\/2023\/11\/IMG_0561-1-768x461.jpeg 768w, https:\/\/westergards.com\/wp-content\/uploads\/2023\/11\/IMG_0561-1-1536x923.jpeg 1536w, https:\/\/westergards.com\/wp-content\/uploads\/2023\/11\/IMG_0561-1-2048x1231.jpeg 2048w\" sizes=\"(max-width: 800px) 100vw, 800px\" \/>\t\t\t\t\t\t\t\t\t\t\t\t\t\t\t<\/div>\n\t\t\t\t<\/div>\n\t\t\t\t<div class=\"elementor-element elementor-element-f6dc443 elementor-align-center elementor-widget elementor-widget-button\" data-id=\"f6dc443\" data-element_type=\"widget\" data-e-type=\"widget\" data-widget_type=\"button.default\">\n\t\t\t\t<div class=\"elementor-widget-container\">\n\t\t\t\t\t\t\t\t\t<div class=\"elementor-button-wrapper\">\n\t\t\t\t\t<a class=\"elementor-button elementor-button-link elementor-size-sm\" href=\"https:\/\/westergards.com\/?page_id=552\">\n\t\t\t\t\t\t<span class=\"elementor-button-content-wrapper\">\n\t\t\t\t\t\t\t\t\t<span class=\"elementor-button-text\">Mer om Strandstugan<\/span>\n\t\t\t\t\t<\/span>\n\t\t\t\t\t<\/a>\n\t\t\t\t<\/div>\n\t\t\t\t\t\t\t\t<\/div>\n\t\t\t\t<\/div>\n\t\t\t\t\t<\/div>\n\t\t<\/div>\n\t\t\t\t\t<\/div>\n\t\t<\/section>\n\t\t\t\t<section class=\"elementor-section elementor-top-section elementor-element elementor-element-2f273e3 elementor-section-boxed elementor-section-height-default elementor-section-height-default\" data-id=\"2f273e3\" data-element_type=\"section\" data-e-type=\"section\">\n\t\t\t\t\t\t<div class=\"elementor-container elementor-column-gap-default\">\n\t\t\t\t\t<div class=\"elementor-column elementor-col-100 elementor-top-column elementor-element elementor-element-04da733\" data-id=\"04da733\" data-element_type=\"column\" data-e-type=\"column\">\n\t\t\t<div class=\"elementor-widget-wrap elementor-element-populated\">\n\t\t\t\t\t\t<div class=\"elementor-element elementor-element-63a9974 elementor-widget elementor-widget-spacer\" data-id=\"63a9974\" data-element_type=\"widget\" data-e-type=\"widget\" data-widget_type=\"spacer.default\">\n\t\t\t\t<div class=\"elementor-widget-container\">\n\t\t\t\t\t\t\t<div class=\"elementor-spacer\">\n\t\t\t<div class=\"elementor-spacer-inner\"><\/div>\n\t\t<\/div>\n\t\t\t\t\t\t<\/div>\n\t\t\t\t<\/div>\n\t\t\t\t\t<\/div>\n\t\t<\/div>\n\t\t\t\t\t<\/div>\n\t\t<\/section>\n\t\t\t\t<\/div>\n\t\t","protected":false},"excerpt":{"rendered":"<p>Westerg\u00e5rds erbjuder fyra mysiga stugor med sj\u00e4lvhush\u00e5llning. Tv\u00e5 av stugorna \u00e4r placerade mitt bland g\u00e5rdens hus och djur, de tv\u00e5 andra ligger ca.500m l\u00e4ngre fram, nere vid g\u00e5rdens strand.\u00a0\u00a0 Lillstugan Mer om Lillstugan Visthuset Mer om Visthuset Lilla hage Mer om Lilla Hage Strandstugan Mer om Strandstugan<\/p>\n","protected":false},"author":1,"featured_media":0,"parent":0,"menu_order":1,"comment_status":"closed","ping_status":"closed","template":"","meta":{"_monsterinsights_skip_tracking":false,"_monsterinsights_sitenote_active":false,"_monsterinsights_sitenote_note":"","_monsterinsights_sitenote_category":0,"footnotes":""},"class_list":["post-42","page","type-page","status-publish","hentry"],"aioseo_notices":[],"_links":{"self":[{"href":"https:\/\/westergards.com\/index.php?rest_route=\/wp\/v2\/pages\/42","targetHints":{"allow":["GET"]}}],"collection":[{"href":"https:\/\/westergards.com\/index.php?rest_route=\/wp\/v2\/pages"}],"about":[{"href":"https:\/\/westergards.com\/index.php?rest_route=\/wp\/v2\/types\/page"}],"author":[{"embeddable":true,"href":"https:\/\/westergards.com\/index.php?rest_route=\/wp\/v2\/users\/1"}],"replies":[{"embeddable":true,"href":"https:\/\/westergards.com\/index.php?rest_route=%2Fwp%2Fv2%2Fcomments&post=42"}],"version-history":[{"count":87,"href":"https:\/\/westergards.com\/index.php?rest_route=\/wp\/v2\/pages\/42\/revisions"}],"predecessor-version":[{"id":1257,"href":"https:\/\/westergards.com\/index.php?rest_route=\/wp\/v2\/pages\/42\/revisions\/1257"}],"wp:attachment":[{"href":"https:\/\/westergards.com\/index.php?rest_route=%2Fwp%2Fv2%2Fmedia&parent=42"}],"curies":[{"name":"wp","href":"https:\/\/api.w.org\/{rel}","templated":true}]}}