{"id":329,"date":"2023-03-17T07:31:16","date_gmt":"2023-03-17T07:31:16","guid":{"rendered":"https:\/\/westergards.com\/1678989025289\/?page_id=329"},"modified":"2023-06-14T17:51:36","modified_gmt":"2023-06-14T17:51:36","slug":"om-oss","status":"publish","type":"page","link":"https:\/\/westergards.com\/?page_id=329","title":{"rendered":"Om oss"},"content":{"rendered":"\t\t<div data-elementor-type=\"wp-page\" data-elementor-id=\"329\" class=\"elementor elementor-329\">\n\t\t\t\t\t\t<section class=\"elementor-section elementor-top-section elementor-element elementor-element-4e419fe elementor-section-boxed elementor-section-height-default elementor-section-height-default\" data-id=\"4e419fe\" data-element_type=\"section\" data-e-type=\"section\">\n\t\t\t\t\t\t<div class=\"elementor-container elementor-column-gap-default\">\n\t\t\t\t\t<div class=\"elementor-column elementor-col-50 elementor-top-column elementor-element elementor-element-9957758\" data-id=\"9957758\" data-element_type=\"column\" data-e-type=\"column\">\n\t\t\t<div class=\"elementor-widget-wrap elementor-element-populated\">\n\t\t\t\t\t\t<div class=\"elementor-element elementor-element-9019e7d elementor-widget elementor-widget-heading\" data-id=\"9019e7d\" data-element_type=\"widget\" data-e-type=\"widget\" data-widget_type=\"heading.default\">\n\t\t\t\t<div class=\"elementor-widget-container\">\n\t\t\t\t\t<h2 class=\"elementor-heading-title elementor-size-default\">familjen Mattsson<\/h2>\t\t\t\t<\/div>\n\t\t\t\t<\/div>\n\t\t\t\t<div class=\"elementor-element elementor-element-a9fb125 elementor-widget elementor-widget-text-editor\" data-id=\"a9fb125\" data-element_type=\"widget\" data-e-type=\"widget\" data-widget_type=\"text-editor.default\">\n\t\t\t\t<div class=\"elementor-widget-container\">\n\t\t\t\t\t\t\t\t\t<p class=\"MsoNormal\" style=\"mso-margin-top-alt: auto; mso-margin-bottom-alt: auto; text-align: left;\" align=\"left\"><span lang=\"SV\">Elin hade en vision den d\u00e4r g\u00e5ngen hon skulle resa tillbaka till hemmet i Spanien. \u201dWesterg\u00e5rds ska fixas upp och bli till himmelriket.\u201d <\/span><\/p><p class=\"MsoNormal\" style=\"mso-margin-top-alt: auto; mso-margin-bottom-alt: auto; text-align: left;\" align=\"left\"><span lang=\"SV\">Efter den dagen satte ett stort arbete ig\u00e5ng. En ny stockstuga byggdes intill havet, g\u00e5rdshusen renoverades och nu st\u00e5r den egentliga byggnaden (g\u00e5rdshuset) inf\u00f6r stora renoveringar f\u00f6r att inrymma \u00e4nnu mer g\u00e4ster. <\/span><\/p><p class=\"MsoNormal\" style=\"mso-margin-top-alt: auto; mso-margin-bottom-alt: auto; text-align: left;\" align=\"left\"><span lang=\"SV\">Under \u00e5ren som g\u00e5tt har grindar, statyer, allehanda m\u00f6bler m.m sl\u00e4pats hem fr\u00e5n b\u00e5de Italien och Spanien f\u00f6r att uppfylla den vision Elin har. Vi tar ett steg n\u00e4rmare f\u00f6r varje sommar som g\u00e5r.\u00a0<\/span><\/p><p class=\"MsoNormal\" style=\"mso-margin-top-alt: auto; mso-margin-bottom-alt: auto; text-align: left;\" align=\"left\"><span style=\"font-size: 1rem; text-align: center;\">Vi \u00e4lskar att tr\u00e4ffa nya m\u00e4nniskor och kulturer. Ta del av folks livhistorier. Att i framtiden kunna bl\u00e5sa liv i den n\u00e4stan utd\u00f6da \u201dpensionats eran\u201d \u00e4r n\u00e5got vi brinner f\u00f6r och visionerna \u00e4r stora.<\/span><span style=\"font-size: 1rem; text-align: center;\">Vi, Benny och Elin Mattsson med familj p\u00e5 Westerg\u00e5rds, som ligger i \u00c5lands vackra syd\u00f6stra sk\u00e4rg\u00e5rd \u00f6nskar er varmt v\u00e4lkomna!\u00a0<\/span><span style=\"font-size: 1rem; text-align: center;\">Tveka inte f\u00f6r att komma med ide\u00e9r och inputs. Vi g\u00f6r detta f\u00f6r er (och oss).<\/span><\/p><p class=\"MsoNormal\" style=\"mso-margin-top-alt: auto; mso-margin-bottom-alt: auto; text-align: center;\" align=\"center\"><span lang=\"SV\">\u00a0<\/span><\/p><p class=\"MsoNormal\" style=\"mso-margin-top-alt: auto; mso-margin-bottom-alt: auto; text-align: center;\" align=\"center\"><span lang=\"SV\">V\u00c4LKOMNA!<\/span><\/p><p class=\"MsoNormal\" style=\"mso-margin-top-alt: auto; mso-margin-bottom-alt: auto; text-align: center;\" align=\"center\"><span lang=\"SV\">\u00a0<\/span><\/p>\t\t\t\t\t\t\t\t<\/div>\n\t\t\t\t<\/div>\n\t\t\t\t\t<\/div>\n\t\t<\/div>\n\t\t\t\t<div class=\"elementor-column elementor-col-50 elementor-top-column elementor-element elementor-element-8445c3c\" data-id=\"8445c3c\" data-element_type=\"column\" data-e-type=\"column\">\n\t\t\t<div class=\"elementor-widget-wrap elementor-element-populated\">\n\t\t\t\t\t\t<div class=\"elementor-element elementor-element-b86aa97 elementor-widget elementor-widget-image\" data-id=\"b86aa97\" data-element_type=\"widget\" data-e-type=\"widget\" data-widget_type=\"image.default\">\n\t\t\t\t<div class=\"elementor-widget-container\">\n\t\t\t\t\t\t\t\t\t\t\t\t\t\t\t<img fetchpriority=\"high\" decoding=\"async\" width=\"800\" height=\"672\" src=\"https:\/\/westergards.com\/wp-content\/uploads\/2023\/06\/IMG_9164-scaled-e1679249868862-1024x860.jpeg\" class=\"attachment-large size-large wp-image-987\" alt=\"\" srcset=\"https:\/\/westergards.com\/wp-content\/uploads\/2023\/06\/IMG_9164-scaled-e1679249868862-1024x860.jpeg 1024w, https:\/\/westergards.com\/wp-content\/uploads\/2023\/06\/IMG_9164-scaled-e1679249868862-300x252.jpeg 300w, https:\/\/westergards.com\/wp-content\/uploads\/2023\/06\/IMG_9164-scaled-e1679249868862-768x645.jpeg 768w, https:\/\/westergards.com\/wp-content\/uploads\/2023\/06\/IMG_9164-scaled-e1679249868862-1536x1290.jpeg 1536w, https:\/\/westergards.com\/wp-content\/uploads\/2023\/06\/IMG_9164-scaled-e1679249868862.jpeg 1920w\" sizes=\"(max-width: 800px) 100vw, 800px\" \/>\t\t\t\t\t\t\t\t\t\t\t\t\t\t\t<\/div>\n\t\t\t\t<\/div>\n\t\t\t\t\t<\/div>\n\t\t<\/div>\n\t\t\t\t\t<\/div>\n\t\t<\/section>\n\t\t\t\t<section class=\"elementor-section elementor-top-section elementor-element elementor-element-1fb7c4d elementor-section-boxed elementor-section-height-default elementor-section-height-default\" data-id=\"1fb7c4d\" data-element_type=\"section\" data-e-type=\"section\">\n\t\t\t\t\t\t<div class=\"elementor-container elementor-column-gap-default\">\n\t\t\t\t\t<div class=\"elementor-column elementor-col-50 elementor-top-column elementor-element elementor-element-6a256eb\" data-id=\"6a256eb\" data-element_type=\"column\" data-e-type=\"column\">\n\t\t\t<div class=\"elementor-widget-wrap elementor-element-populated\">\n\t\t\t\t\t\t<div class=\"elementor-element elementor-element-de9a290 elementor-widget elementor-widget-image\" data-id=\"de9a290\" data-element_type=\"widget\" data-e-type=\"widget\" data-widget_type=\"image.default\">\n\t\t\t\t<div class=\"elementor-widget-container\">\n\t\t\t\t\t\t\t\t\t\t\t\t\t\t\t<img decoding=\"async\" width=\"683\" height=\"1024\" src=\"https:\/\/westergards.com\/wp-content\/uploads\/2022\/01\/31CAEE22-557D-4F0C-BC2E-69A09E422BEA_1_105_c-683x1024.jpeg\" class=\"attachment-large size-large wp-image-10\" alt=\"\" srcset=\"https:\/\/westergards.com\/wp-content\/uploads\/2022\/01\/31CAEE22-557D-4F0C-BC2E-69A09E422BEA_1_105_c-683x1024.jpeg 683w, https:\/\/westergards.com\/wp-content\/uploads\/2022\/01\/31CAEE22-557D-4F0C-BC2E-69A09E422BEA_1_105_c-200x300.jpeg 200w, https:\/\/westergards.com\/wp-content\/uploads\/2022\/01\/31CAEE22-557D-4F0C-BC2E-69A09E422BEA_1_105_c-600x900.jpeg 600w, https:\/\/westergards.com\/wp-content\/uploads\/2022\/01\/31CAEE22-557D-4F0C-BC2E-69A09E422BEA_1_105_c.jpeg 724w\" sizes=\"(max-width: 683px) 100vw, 683px\" \/>\t\t\t\t\t\t\t\t\t\t\t\t\t\t\t<\/div>\n\t\t\t\t<\/div>\n\t\t\t\t\t<\/div>\n\t\t<\/div>\n\t\t\t\t<div class=\"elementor-column elementor-col-50 elementor-top-column elementor-element elementor-element-0d40799\" data-id=\"0d40799\" data-element_type=\"column\" data-e-type=\"column\">\n\t\t\t<div class=\"elementor-widget-wrap elementor-element-populated\">\n\t\t\t\t\t\t<div class=\"elementor-element elementor-element-caec75d elementor-widget elementor-widget-heading\" data-id=\"caec75d\" data-element_type=\"widget\" data-e-type=\"widget\" data-widget_type=\"heading.default\">\n\t\t\t\t<div class=\"elementor-widget-container\">\n\t\t\t\t\t<h2 class=\"elementor-heading-title elementor-size-default\">G\u00c5RDENS HISTORIA<\/h2>\t\t\t\t<\/div>\n\t\t\t\t<\/div>\n\t\t\t\t<div class=\"elementor-element elementor-element-259653d elementor-widget elementor-widget-text-editor\" data-id=\"259653d\" data-element_type=\"widget\" data-e-type=\"widget\" data-widget_type=\"text-editor.default\">\n\t\t\t\t<div class=\"elementor-widget-container\">\n\t\t\t\t\t\t\t\t\t<p>Hemmanet V\u00e4sterg\u00e5rds, var den f\u00f6rsta g\u00e5rden i byn Granboda och har varit i Mattssons sl\u00e4kt sedan 1600-talets b\u00f6rjan. Det gamla huset finns inte kvar men stod p\u00e5 n\u00e4stan samma plats som dagens. Dagens g\u00e5rdsbyggnad (\u00e4ven kallat bl\u00e5a huset) byggdes av Bennys farfarsfar Valfrid Mattsson och \u00e4r av kulturhistoriskt intresse, d\u00e5 det byggdes i amerikansk stil\u00a0 p.g.a Valfrids vistelse som byggnadsarbetare i USA runt sekelskiftet 1900.\u00a0<\/p><p>Denna amerikanska touch har vi valt att lyfta fram genom att f\u00f6rvandla namnet V\u00e4sterg\u00e5rds till Westerg\u00e5rds. P\u00e5 g\u00e5rden har man levt p\u00e5 jakt, fiske, jordbruk och djur i l\u00e5nga tider. Mj\u00f6lkkor och strutsfarm har bedrivits p\u00e5 g\u00e5rden. Till g\u00e5rden h\u00f6r ocks\u00e5 jord och skog runt hundra hektar.<\/p><p>Man har alltid m\u00e5nat mycket \u00f6ver naturen och g\u00e5rden \u00e4r helt ekologisk sedan m\u00e5nga \u00e5r tillbaka. Skogsbruket sk\u00f6ts med varsam hand och stora maskiner anv\u00e4nds inte f\u00f6r huggandet. Endast det g\u00e5rden beh\u00f6ver i form av ved och virke tas ut med stor f\u00f6rsiktighet och den urskog som finns kvar f\u00e5r st\u00e5 och naturen f\u00e5r ha sin g\u00e5ng. Runt femtio-sextiotalet b\u00f6rjade man med stuguthyrning d\u00e5 endast en stuga f\u00f6r l\u00e5ngtidsuthyrning.<\/p><p>Idag odlas mest spannm\u00e5l, gr\u00e4s till djuren, solrosor, \u00e4rter, potatis och gr\u00f6dor till husbehov. Vi \u00f6nskar fram\u00e5t kunna erbjuda v\u00e5ra g\u00e4ster egenodlade, ekologiska gr\u00f6dor s\u00e5 l\u00e5ngt det g\u00e5r.<\/p>\t\t\t\t\t\t\t\t<\/div>\n\t\t\t\t<\/div>\n\t\t\t\t\t<\/div>\n\t\t<\/div>\n\t\t\t\t\t<\/div>\n\t\t<\/section>\n\t\t\t\t<\/div>\n\t\t","protected":false},"excerpt":{"rendered":"<p>familjen Mattsson Elin hade en vision den d\u00e4r g\u00e5ngen hon skulle resa tillbaka till hemmet i Spanien. \u201dWesterg\u00e5rds ska fixas upp och bli till himmelriket.\u201d Efter den dagen satte ett stort arbete ig\u00e5ng. En ny stockstuga byggdes intill havet, g\u00e5rdshusen renoverades och nu st\u00e5r den egentliga byggnaden (g\u00e5rdshuset) inf\u00f6r stora renoveringar f\u00f6r att inrymma \u00e4nnu [&hellip;]<\/p>\n","protected":false},"author":3,"featured_media":0,"parent":0,"menu_order":4,"comment_status":"closed","ping_status":"closed","template":"","meta":{"_monsterinsights_skip_tracking":false,"_monsterinsights_sitenote_active":false,"_monsterinsights_sitenote_note":"","_monsterinsights_sitenote_category":0,"footnotes":""},"class_list":["post-329","page","type-page","status-publish","hentry"],"aioseo_notices":[],"_links":{"self":[{"href":"https:\/\/westergards.com\/index.php?rest_route=\/wp\/v2\/pages\/329","targetHints":{"allow":["GET"]}}],"collection":[{"href":"https:\/\/westergards.com\/index.php?rest_route=\/wp\/v2\/pages"}],"about":[{"href":"https:\/\/westergards.com\/index.php?rest_route=\/wp\/v2\/types\/page"}],"author":[{"embeddable":true,"href":"https:\/\/westergards.com\/index.php?rest_route=\/wp\/v2\/users\/3"}],"replies":[{"embeddable":true,"href":"https:\/\/westergards.com\/index.php?rest_route=%2Fwp%2Fv2%2Fcomments&post=329"}],"version-history":[{"count":32,"href":"https:\/\/westergards.com\/index.php?rest_route=\/wp\/v2\/pages\/329\/revisions"}],"predecessor-version":[{"id":1189,"href":"https:\/\/westergards.com\/index.php?rest_route=\/wp\/v2\/pages\/329\/revisions\/1189"}],"wp:attachment":[{"href":"https:\/\/westergards.com\/index.php?rest_route=%2Fwp%2Fv2%2Fmedia&parent=329"}],"curies":[{"name":"wp","href":"https:\/\/api.w.org\/{rel}","templated":true}]}}